{"id":1848,"date":"2020-11-29T14:38:48","date_gmt":"2020-11-29T14:38:48","guid":{"rendered":"http:\/\/lesmarronniers.forest.brussels\/?page_id=1848"},"modified":"2026-03-09T14:48:13","modified_gmt":"2026-03-09T13:48:13","slug":"equipe","status":"publish","type":"page","link":"https:\/\/enfance.forest.brussels\/kaleidoscope\/equipe\/","title":{"rendered":"Notre \u00e9quipe"},"content":{"rendered":"\n<p class=\"wp-block-paragraph\"><\/p>\n\n\n\n<div class=\"wp-block-uagb-container uagb-block-9pfuoxit default uagb-is-root-container\">\n<div class=\"wp-block-uagb-container uagb-block-qvqvietz alignfull uagb-is-root-container\"><div class=\"uagb-container-inner-blocks-wrap\">\n<div class=\"wp-block-uagb-image alignleft uagb-block-wnhqwqy5 wp-block-uagb-image--layout-default wp-block-uagb-image--effect-static wp-block-uagb-image--align-left\"><figure class=\"wp-block-uagb-image__figure\"><img loading=\"lazy\" decoding=\"async\" src=\"https:\/\/enfance.forest.brussels\/kaleidoscope\/wp-content\/uploads\/sites\/5\/2026\/03\/2026-03-09-14-42-34-067-1-1024x722.jpg\" alt=\"\" class=\"uag-image-5517\" width=\"580\" height=\"423\" title=\"2026-03-09-14-42-34-067\" loading=\"lazy\" role=\"img\" \/><\/figure><\/div>\n\n\n\n<div class=\"wp-block-uagb-container uagb-block-ntv2wybg\">\n<div class=\"wp-block-uagb-info-box uagb-block-jsirlcrb uagb-infobox__content-wrap  uagb-infobox-icon-above-title uagb-infobox-image-valign-top\"><div class=\"uagb-ifb-content\"><div class=\"uagb-ifb-title-wrap\"><h2 class=\"uagb-ifb-title\">Une \u00e9quipe engag\u00e9e et bienveillante au service de la r\u00e9ussite et de l&rsquo;\u00e9panouissement de chaque enfant!<\/h2><\/div><\/div><\/div>\n<\/div>\n<\/div><\/div>\n\n\n\n<div class=\"wp-block-uagb-container uagb-block-udmceott\"><\/div>\n<\/div>\n\n\n\n<p class=\"wp-block-paragraph\"><\/p>\n","protected":false},"excerpt":{"rendered":"","protected":false},"author":17,"featured_media":0,"parent":0,"menu_order":0,"comment_status":"closed","ping_status":"closed","template":"","meta":{"_crdt_document":"","_uag_custom_page_level_css":"","site-sidebar-layout":"default","site-content-layout":"","ast-site-content-layout":"default","site-content-style":"default","site-sidebar-style":"default","ast-global-header-display":"","ast-banner-title-visibility":"","ast-main-header-display":"","ast-hfb-above-header-display":"","ast-hfb-below-header-display":"","ast-hfb-mobile-header-display":"","site-post-title":"","ast-breadcrumbs-content":"","ast-featured-img":"","footer-sml-layout":"","ast-disable-related-posts":"","theme-transparent-header-meta":"","adv-header-id-meta":"","stick-header-meta":"","header-above-stick-meta":"","header-main-stick-meta":"","header-below-stick-meta":"","astra-migrate-meta-layouts":"default","ast-page-background-enabled":"default","ast-page-background-meta":{"desktop":{"background-color":"var(--ast-global-color-5)","background-image":"","background-repeat":"repeat","background-position":"center center","background-size":"auto","background-attachment":"scroll","background-type":"","background-media":"","overlay-type":"","overlay-color":"","overlay-opacity":"","overlay-gradient":""},"tablet":{"background-color":"","background-image":"","background-repeat":"repeat","background-position":"center center","background-size":"auto","background-attachment":"scroll","background-type":"","background-media":"","overlay-type":"","overlay-color":"","overlay-opacity":"","overlay-gradient":""},"mobile":{"background-color":"","background-image":"","background-repeat":"repeat","background-position":"center center","background-size":"auto","background-attachment":"scroll","background-type":"","background-media":"","overlay-type":"","overlay-color":"","overlay-opacity":"","overlay-gradient":""}},"ast-content-background-meta":{"desktop":{"background-color":"var(--ast-global-color-4)","background-image":"","background-repeat":"repeat","background-position":"center center","background-size":"auto","background-attachment":"scroll","background-type":"","background-media":"","overlay-type":"","overlay-color":"","overlay-opacity":"","overlay-gradient":""},"tablet":{"background-color":"var(--ast-global-color-4)","background-image":"","background-repeat":"repeat","background-position":"center center","background-size":"auto","background-attachment":"scroll","background-type":"","background-media":"","overlay-type":"","overlay-color":"","overlay-opacity":"","overlay-gradient":""},"mobile":{"background-color":"var(--ast-global-color-4)","background-image":"","background-repeat":"repeat","background-position":"center center","background-size":"auto","background-attachment":"scroll","background-type":"","background-media":"","overlay-type":"","overlay-color":"","overlay-opacity":"","overlay-gradient":""}},"footnotes":""},"class_list":["post-1848","page","type-page","status-publish","hentry"],"uagb_featured_image_src":{"full":false,"thumbnail":false,"medium":false,"medium_large":false,"large":false,"1536x1536":false,"2048x2048":false},"uagb_author_info":{"display_name":"ygoemans","author_link":"https:\/\/enfance.forest.brussels\/kaleidoscope\/author\/ygoemans\/"},"uagb_comment_info":0,"uagb_excerpt":null,"_links":{"self":[{"href":"https:\/\/enfance.forest.brussels\/kaleidoscope\/wp-json\/wp\/v2\/pages\/1848","targetHints":{"allow":["GET"]}}],"collection":[{"href":"https:\/\/enfance.forest.brussels\/kaleidoscope\/wp-json\/wp\/v2\/pages"}],"about":[{"href":"https:\/\/enfance.forest.brussels\/kaleidoscope\/wp-json\/wp\/v2\/types\/page"}],"author":[{"embeddable":true,"href":"https:\/\/enfance.forest.brussels\/kaleidoscope\/wp-json\/wp\/v2\/users\/17"}],"replies":[{"embeddable":true,"href":"https:\/\/enfance.forest.brussels\/kaleidoscope\/wp-json\/wp\/v2\/comments?post=1848"}],"version-history":[{"count":18,"href":"https:\/\/enfance.forest.brussels\/kaleidoscope\/wp-json\/wp\/v2\/pages\/1848\/revisions"}],"predecessor-version":[{"id":5518,"href":"https:\/\/enfance.forest.brussels\/kaleidoscope\/wp-json\/wp\/v2\/pages\/1848\/revisions\/5518"}],"wp:attachment":[{"href":"https:\/\/enfance.forest.brussels\/kaleidoscope\/wp-json\/wp\/v2\/media?parent=1848"}],"curies":[{"name":"wp","href":"https:\/\/api.w.org\/{rel}","templated":true}]}}