{"id":2947,"date":"2021-09-11T18:15:31","date_gmt":"2021-09-11T18:15:31","guid":{"rendered":"http:\/\/lesmarronniers.forest.brussels\/?page_id=2947"},"modified":"2026-03-10T10:54:37","modified_gmt":"2026-03-10T09:54:37","slug":"directeur-et-secretaire","status":"publish","type":"page","link":"https:\/\/enfance.forest.brussels\/kaleidoscope\/directeur-et-secretaire\/","title":{"rendered":"Secr\u00e9tariats et Directions"},"content":{"rendered":"\n<div class=\"wp-block-uagb-container uagb-block-6w5rklsn alignfull uagb-is-root-container\"><div class=\"uagb-container-inner-blocks-wrap\">\n<div class=\"wp-block-uagb-info-box uagb-block-q7jlobdr uagb-infobox__content-wrap  uagb-infobox-icon-above-title uagb-infobox-image-valign-top\"><div class=\"uagb-ifb-content\"><div class=\"uagb-ifb-title-wrap\"><h2 class=\"uagb-ifb-title\">Secr\u00e9tariats<\/h2><\/div><p class=\"uagb-ifb-desc\"><em>Organisation, accueil et bienveillance : nos secr\u00e9taires font battre le c\u0153ur administratif de l\u2019\u00e9cole. <\/em><\/p><\/div><\/div>\n\n\n\n<div class=\"wp-block-uagb-container uagb-block-abycyka6\">\n<div class=\"wp-block-uagb-container uagb-block-r5lypup9\">\n<figure class=\"wp-block-image size-full alignleft\"><img fetchpriority=\"high\" decoding=\"async\" width=\"800\" height=\"800\" src=\"http:\/\/enfance.forest.brussels\/kaleidoscope\/wp-content\/uploads\/sites\/5\/2026\/01\/MP26-8489.jpg\" alt=\"\" class=\"wp-image-5467\" srcset=\"https:\/\/enfance.forest.brussels\/kaleidoscope\/wp-content\/uploads\/sites\/5\/2026\/01\/MP26-8489.jpg 800w, https:\/\/enfance.forest.brussels\/kaleidoscope\/wp-content\/uploads\/sites\/5\/2026\/01\/MP26-8489-300x300.jpg 300w, https:\/\/enfance.forest.brussels\/kaleidoscope\/wp-content\/uploads\/sites\/5\/2026\/01\/MP26-8489-150x150.jpg 150w, https:\/\/enfance.forest.brussels\/kaleidoscope\/wp-content\/uploads\/sites\/5\/2026\/01\/MP26-8489-768x768.jpg 768w\" sizes=\"(max-width: 800px) 100vw, 800px\" \/><\/figure>\n\n\n\n<div class=\"wp-block-uagb-info-box uagb-block-mkzcuq5y uagb-infobox__content-wrap  uagb-infobox-icon-above-title uagb-infobox-image-valign-top\"><div class=\"uagb-ifb-content\"><div class=\"uagb-ifb-title-wrap\"><h3 class=\"uagb-ifb-title\">Secr\u00e9taire Maternelle<\/h3><\/div><p class=\"uagb-ifb-desc\">Mme Anne Pangrazio<br><br><br>Tel : 02 344 47 55<br>Mail : Kaleidoscope.mat@forest.brussels<\/p><\/div><\/div>\n<\/div>\n\n\n\n<div class=\"wp-block-uagb-container uagb-block-gyjlrmdz\">\n<figure class=\"wp-block-image size-full alignleft\"><img decoding=\"async\" width=\"800\" height=\"800\" src=\"http:\/\/enfance.forest.brussels\/kaleidoscope\/wp-content\/uploads\/sites\/5\/2026\/01\/VERO111-6506-2-Copie.jpg\" alt=\"\" class=\"wp-image-5466\" srcset=\"https:\/\/enfance.forest.brussels\/kaleidoscope\/wp-content\/uploads\/sites\/5\/2026\/01\/VERO111-6506-2-Copie.jpg 800w, https:\/\/enfance.forest.brussels\/kaleidoscope\/wp-content\/uploads\/sites\/5\/2026\/01\/VERO111-6506-2-Copie-300x300.jpg 300w, https:\/\/enfance.forest.brussels\/kaleidoscope\/wp-content\/uploads\/sites\/5\/2026\/01\/VERO111-6506-2-Copie-150x150.jpg 150w, https:\/\/enfance.forest.brussels\/kaleidoscope\/wp-content\/uploads\/sites\/5\/2026\/01\/VERO111-6506-2-Copie-768x768.jpg 768w\" sizes=\"(max-width: 800px) 100vw, 800px\" \/><\/figure>\n\n\n\n<div class=\"wp-block-uagb-info-box uagb-block-4jhkvqay uagb-infobox__content-wrap  uagb-infobox-icon-above-title uagb-infobox-image-valign-top\"><div class=\"uagb-ifb-content\"><div class=\"uagb-ifb-title-wrap\"><h3 class=\"uagb-ifb-title\">Secr\u00e9taire Primaire<\/h3><\/div><p class=\"uagb-ifb-desc\">Mme Paola Messina<br><br><br>Tel : 02 343 48 64<br>Mail : Kaleidoscope.prim@forest.brussels<\/p><\/div><\/div>\n<\/div>\n<\/div>\n<\/div><\/div>\n\n\n\n<div class=\"wp-block-uagb-container uagb-block-86b726c9 alignfull uagb-is-root-container\"><div class=\"uagb-container-inner-blocks-wrap\">\n<div class=\"wp-block-uagb-info-box uagb-block-6d87287f uagb-infobox__content-wrap  uagb-infobox-icon-above-title uagb-infobox-image-valign-top\"><div class=\"uagb-ifb-content\"><div class=\"uagb-ifb-title-wrap\"><h2 class=\"uagb-ifb-title\">Directions<\/h2><\/div><p class=\"uagb-ifb-desc\"><em>Des directions engag\u00e9es, pour des \u00e9coles qui avancent et des \u00e9l\u00e8ves qui r\u00e9ussissent.&nbsp;<\/em><\/p><\/div><\/div>\n\n\n\n<div class=\"wp-block-uagb-container uagb-block-276077d4\">\n<div class=\"wp-block-uagb-container uagb-block-21131411\">\n<figure class=\"wp-block-image size-full alignleft\"><img decoding=\"async\" width=\"800\" height=\"800\" src=\"http:\/\/enfance.forest.brussels\/kaleidoscope\/wp-content\/uploads\/sites\/5\/2026\/01\/MP26-8490.jpg\" alt=\"\" class=\"wp-image-5468\" srcset=\"https:\/\/enfance.forest.brussels\/kaleidoscope\/wp-content\/uploads\/sites\/5\/2026\/01\/MP26-8490.jpg 800w, https:\/\/enfance.forest.brussels\/kaleidoscope\/wp-content\/uploads\/sites\/5\/2026\/01\/MP26-8490-300x300.jpg 300w, https:\/\/enfance.forest.brussels\/kaleidoscope\/wp-content\/uploads\/sites\/5\/2026\/01\/MP26-8490-150x150.jpg 150w, https:\/\/enfance.forest.brussels\/kaleidoscope\/wp-content\/uploads\/sites\/5\/2026\/01\/MP26-8490-768x768.jpg 768w\" sizes=\"(max-width: 800px) 100vw, 800px\" \/><\/figure>\n\n\n\n<div class=\"wp-block-uagb-info-box uagb-block-b5598c77 uagb-infobox__content-wrap  uagb-infobox-icon-above-title uagb-infobox-image-valign-top\"><div class=\"uagb-ifb-content\"><div class=\"uagb-ifb-title-wrap\"><h3 class=\"uagb-ifb-title\">Directrice Maternelle<\/h3><\/div><p class=\"uagb-ifb-desc\">Mme Jessica Figeys<br><br><br>Tel : 02 344 70 97<br>Mail : jfigeys@forest.brussels<\/p><\/div><\/div>\n<\/div>\n\n\n\n<div class=\"wp-block-uagb-container uagb-block-5a1d3588\">\n<figure class=\"wp-block-image size-full alignleft\"><img loading=\"lazy\" decoding=\"async\" width=\"800\" height=\"800\" src=\"http:\/\/enfance.forest.brussels\/kaleidoscope\/wp-content\/uploads\/sites\/5\/2026\/01\/VERO111-6511-2-Copie.jpg\" alt=\"\" class=\"wp-image-5469\" srcset=\"https:\/\/enfance.forest.brussels\/kaleidoscope\/wp-content\/uploads\/sites\/5\/2026\/01\/VERO111-6511-2-Copie.jpg 800w, https:\/\/enfance.forest.brussels\/kaleidoscope\/wp-content\/uploads\/sites\/5\/2026\/01\/VERO111-6511-2-Copie-300x300.jpg 300w, https:\/\/enfance.forest.brussels\/kaleidoscope\/wp-content\/uploads\/sites\/5\/2026\/01\/VERO111-6511-2-Copie-150x150.jpg 150w, https:\/\/enfance.forest.brussels\/kaleidoscope\/wp-content\/uploads\/sites\/5\/2026\/01\/VERO111-6511-2-Copie-768x768.jpg 768w\" sizes=\"(max-width: 800px) 100vw, 800px\" \/><\/figure>\n\n\n\n<div class=\"wp-block-uagb-info-box uagb-block-81376127 uagb-infobox__content-wrap  uagb-infobox-icon-above-title uagb-infobox-image-valign-top\"><div class=\"uagb-ifb-content\"><div class=\"uagb-ifb-title-wrap\"><h3 class=\"uagb-ifb-title\">Directrice Primaire<\/h3><\/div><p class=\"uagb-ifb-desc\">Mme Odile Bourgeois<br><br><br>Tel : 02 347 40 91<br>Mail : obourgeois@forest.brussels<\/p><\/div><\/div>\n<\/div>\n<\/div>\n<\/div><\/div>\n","protected":false},"excerpt":{"rendered":"","protected":false},"author":17,"featured_media":0,"parent":0,"menu_order":0,"comment_status":"closed","ping_status":"closed","template":"","meta":{"_crdt_document":"","_uag_custom_page_level_css":"","site-sidebar-layout":"default","site-content-layout":"","ast-site-content-layout":"default","site-content-style":"default","site-sidebar-style":"default","ast-global-header-display":"","ast-banner-title-visibility":"","ast-main-header-display":"","ast-hfb-above-header-display":"","ast-hfb-below-header-display":"","ast-hfb-mobile-header-display":"","site-post-title":"","ast-breadcrumbs-content":"","ast-featured-img":"","footer-sml-layout":"","ast-disable-related-posts":"","theme-transparent-header-meta":"","adv-header-id-meta":"","stick-header-meta":"","header-above-stick-meta":"","header-main-stick-meta":"","header-below-stick-meta":"","astra-migrate-meta-layouts":"default","ast-page-background-enabled":"default","ast-page-background-meta":{"desktop":{"background-color":"var(--ast-global-color-5)","background-image":"","background-repeat":"repeat","background-position":"center center","background-size":"auto","background-attachment":"scroll","background-type":"","background-media":"","overlay-type":"","overlay-color":"","overlay-opacity":"","overlay-gradient":""},"tablet":{"background-color":"","background-image":"","background-repeat":"repeat","background-position":"center center","background-size":"auto","background-attachment":"scroll","background-type":"","background-media":"","overlay-type":"","overlay-color":"","overlay-opacity":"","overlay-gradient":""},"mobile":{"background-color":"","background-image":"","background-repeat":"repeat","background-position":"center center","background-size":"auto","background-attachment":"scroll","background-type":"","background-media":"","overlay-type":"","overlay-color":"","overlay-opacity":"","overlay-gradient":""}},"ast-content-background-meta":{"desktop":{"background-color":"var(--ast-global-color-4)","background-image":"","background-repeat":"repeat","background-position":"center center","background-size":"auto","background-attachment":"scroll","background-type":"","background-media":"","overlay-type":"","overlay-color":"","overlay-opacity":"","overlay-gradient":""},"tablet":{"background-color":"var(--ast-global-color-4)","background-image":"","background-repeat":"repeat","background-position":"center center","background-size":"auto","background-attachment":"scroll","background-type":"","background-media":"","overlay-type":"","overlay-color":"","overlay-opacity":"","overlay-gradient":""},"mobile":{"background-color":"var(--ast-global-color-4)","background-image":"","background-repeat":"repeat","background-position":"center center","background-size":"auto","background-attachment":"scroll","background-type":"","background-media":"","overlay-type":"","overlay-color":"","overlay-opacity":"","overlay-gradient":""}},"footnotes":""},"class_list":["post-2947","page","type-page","status-publish","hentry"],"uagb_featured_image_src":{"full":false,"thumbnail":false,"medium":false,"medium_large":false,"large":false,"1536x1536":false,"2048x2048":false},"uagb_author_info":{"display_name":"ygoemans","author_link":"https:\/\/enfance.forest.brussels\/kaleidoscope\/author\/ygoemans\/"},"uagb_comment_info":0,"uagb_excerpt":null,"_links":{"self":[{"href":"https:\/\/enfance.forest.brussels\/kaleidoscope\/wp-json\/wp\/v2\/pages\/2947","targetHints":{"allow":["GET"]}}],"collection":[{"href":"https:\/\/enfance.forest.brussels\/kaleidoscope\/wp-json\/wp\/v2\/pages"}],"about":[{"href":"https:\/\/enfance.forest.brussels\/kaleidoscope\/wp-json\/wp\/v2\/types\/page"}],"author":[{"embeddable":true,"href":"https:\/\/enfance.forest.brussels\/kaleidoscope\/wp-json\/wp\/v2\/users\/17"}],"replies":[{"embeddable":true,"href":"https:\/\/enfance.forest.brussels\/kaleidoscope\/wp-json\/wp\/v2\/comments?post=2947"}],"version-history":[{"count":11,"href":"https:\/\/enfance.forest.brussels\/kaleidoscope\/wp-json\/wp\/v2\/pages\/2947\/revisions"}],"predecessor-version":[{"id":5542,"href":"https:\/\/enfance.forest.brussels\/kaleidoscope\/wp-json\/wp\/v2\/pages\/2947\/revisions\/5542"}],"wp:attachment":[{"href":"https:\/\/enfance.forest.brussels\/kaleidoscope\/wp-json\/wp\/v2\/media?parent=2947"}],"curies":[{"name":"wp","href":"https:\/\/api.w.org\/{rel}","templated":true}]}}