{"id":4389,"date":"2022-09-25T18:07:16","date_gmt":"2022-09-25T16:07:16","guid":{"rendered":"http:\/\/enfance.forest.brussels\/kaleidoscopemat\/?page_id=4389"},"modified":"2026-03-09T14:18:28","modified_gmt":"2026-03-09T13:18:28","slug":"partenariats","status":"publish","type":"page","link":"https:\/\/enfance.forest.brussels\/kaleidoscope\/partenariats\/","title":{"rendered":"Les partenariats"},"content":{"rendered":"\n<div class=\"wp-block-uagb-container uagb-block-62tschm0 alignfull uagb-is-root-container\"><div class=\"uagb-container-inner-blocks-wrap\">\n<div class=\"wp-block-uagb-info-box uagb-block-yql7nd0l uagb-infobox__content-wrap  uagb-infobox-icon-above-title uagb-infobox-image-valign-top\"><div class=\"uagb-ifb-content\"><div class=\"uagb-ifb-title-wrap\"><\/div><p class=\"uagb-ifb-desc\">Plusieurs partenaires sont li\u00e9s \u00e0 la vie de l&rsquo;\u00e9cole et \u00e0 diff\u00e9rents apprentissages. Ils interviennent pour le bien-\u00eatre et le soutien psychologique et p\u00e9dagogique de votre enfant; pour la sensibilisation ou l&rsquo;\u00e9veil \u00e0 une th\u00e9matique particuli\u00e8re.<\/p><\/div><\/div>\n\n\n\n<div class=\"wp-block-uagb-container uagb-layout-grid uagb-block-ccfa7c2n\">\n<div class=\"wp-block-uagb-container uagb-block-lalyadm7\">\n<div class=\"wp-block-uagb-info-box uagb-block-rncmvpvc uagb-infobox__content-wrap  uagb-infobox-icon-above-title uagb-infobox-image-valign-top\"><div class=\"uagb-ifb-content\"><div class=\"uagb-ifb-title-wrap\"><h3 class=\"uagb-ifb-title\">PMS<\/h3><\/div><p class=\"uagb-ifb-desc\">Centres psycho-m\u00e9dicaux-sociaux<\/p><\/div><\/div>\n\n\n\n<figure class=\"wp-block-image size-full\"><img fetchpriority=\"high\" decoding=\"async\" width=\"329\" height=\"153\" src=\"https:\/\/enfance.forest.brussels\/kaleidoscope\/wp-content\/uploads\/sites\/5\/2026\/03\/images-24.jpeg\" alt=\"\" class=\"wp-image-5512\" srcset=\"https:\/\/enfance.forest.brussels\/kaleidoscope\/wp-content\/uploads\/sites\/5\/2026\/03\/images-24.jpeg 329w, https:\/\/enfance.forest.brussels\/kaleidoscope\/wp-content\/uploads\/sites\/5\/2026\/03\/images-24-300x140.jpeg 300w\" sizes=\"(max-width: 329px) 100vw, 329px\" \/><\/figure>\n<\/div>\n\n\n\n<div class=\"wp-block-uagb-container uagb-block-1tq2qijc\">\n<div class=\"wp-block-uagb-info-box uagb-block-ioou3qo9 uagb-infobox__content-wrap  uagb-infobox-icon-above-title uagb-infobox-image-valign-top\"><div class=\"uagb-ifb-content\"><div class=\"uagb-ifb-title-wrap\"><h3 class=\"uagb-ifb-title\">P\u00f4le territoriaux<\/h3><\/div><\/div><\/div>\n\n\n\n<figure class=\"wp-block-image size-full is-resized\"><img decoding=\"async\" width=\"225\" height=\"225\" src=\"https:\/\/enfance.forest.brussels\/kaleidoscope\/wp-content\/uploads\/sites\/5\/2026\/03\/images-25.jpeg\" alt=\"\" class=\"wp-image-5513\" style=\"width:261px;height:auto\" srcset=\"https:\/\/enfance.forest.brussels\/kaleidoscope\/wp-content\/uploads\/sites\/5\/2026\/03\/images-25.jpeg 225w, https:\/\/enfance.forest.brussels\/kaleidoscope\/wp-content\/uploads\/sites\/5\/2026\/03\/images-25-150x150.jpeg 150w\" sizes=\"(max-width: 225px) 100vw, 225px\" \/><\/figure>\n<\/div>\n\n\n\n<div class=\"wp-block-uagb-container uagb-block-rgzvyq6s\">\n<div class=\"wp-block-uagb-info-box uagb-block-4d8cm4r6 uagb-infobox__content-wrap  uagb-infobox-icon-above-title uagb-infobox-image-valign-top\"><div class=\"uagb-ifb-content\"><div class=\"uagb-ifb-title-wrap\"><h3 class=\"uagb-ifb-title\">l&rsquo;Adret<\/h3><\/div><\/div><\/div>\n\n\n\n<figure class=\"wp-block-image size-full\"><img decoding=\"async\" width=\"425\" height=\"297\" src=\"https:\/\/enfance.forest.brussels\/kaleidoscope\/wp-content\/uploads\/sites\/5\/2026\/03\/8299.webp\" alt=\"\" class=\"wp-image-5514\" srcset=\"https:\/\/enfance.forest.brussels\/kaleidoscope\/wp-content\/uploads\/sites\/5\/2026\/03\/8299.webp 425w, https:\/\/enfance.forest.brussels\/kaleidoscope\/wp-content\/uploads\/sites\/5\/2026\/03\/8299-300x210.webp 300w\" sizes=\"(max-width: 425px) 100vw, 425px\" \/><\/figure>\n<\/div>\n\n\n\n<div class=\"wp-block-uagb-container uagb-block-q9puqqzj\">\n<div class=\"wp-block-uagb-info-box uagb-block-7vlvpy1x uagb-infobox__content-wrap  uagb-infobox-icon-above-title uagb-infobox-image-valign-top\"><div class=\"uagb-ifb-content\"><div class=\"uagb-ifb-title-wrap\"><\/div><p class=\"uagb-ifb-desc\">Share some details here for Service four. This is a flexible section where you can share anything you want. It could be details or some information about your service.<\/p><\/div><\/div>\n<\/div>\n\n\n\n<div class=\"wp-block-uagb-container uagb-block-p6t6hlay\">\n<div class=\"wp-block-uagb-info-box uagb-block-xytmpeyb uagb-infobox__content-wrap  uagb-infobox-icon-above-title uagb-infobox-image-valign-top\"><div class=\"uagb-ifb-content\"><div class=\"uagb-ifb-title-wrap\"><\/div><p class=\"uagb-ifb-desc\">Share some details here for Service five. This is a flexible section where you can share anything you want. It could be details or some information about your service.<\/p><\/div><\/div>\n<\/div>\n\n\n\n<div class=\"wp-block-uagb-container uagb-block-fq1pkhob\">\n<div class=\"wp-block-uagb-info-box uagb-block-07d0qp5v uagb-infobox__content-wrap  uagb-infobox-icon-above-title uagb-infobox-image-valign-top\"><div class=\"uagb-ifb-content\"><div class=\"uagb-ifb-title-wrap\"><\/div><p class=\"uagb-ifb-desc\">Share some details here for Service six. This is a flexible section where you can share anything you want. It could be details or some information about your service.<\/p><\/div><\/div>\n<\/div>\n<\/div>\n<\/div><\/div>\n\n\n\n<div class=\"wp-block-uagb-container uagb-block-73b51fb5 alignfull uagb-is-root-container\"><div class=\"uagb-container-inner-blocks-wrap\"><\/div><\/div>\n\n\n\n<p class=\"wp-block-paragraph\"><\/p>\n","protected":false},"excerpt":{"rendered":"","protected":false},"author":17,"featured_media":0,"parent":0,"menu_order":0,"comment_status":"closed","ping_status":"closed","template":"","meta":{"_crdt_document":"","_uag_custom_page_level_css":"","site-sidebar-layout":"default","site-content-layout":"","ast-site-content-layout":"default","site-content-style":"default","site-sidebar-style":"default","ast-global-header-display":"","ast-banner-title-visibility":"","ast-main-header-display":"","ast-hfb-above-header-display":"","ast-hfb-below-header-display":"","ast-hfb-mobile-header-display":"","site-post-title":"","ast-breadcrumbs-content":"","ast-featured-img":"","footer-sml-layout":"","ast-disable-related-posts":"","theme-transparent-header-meta":"","adv-header-id-meta":"","stick-header-meta":"","header-above-stick-meta":"","header-main-stick-meta":"","header-below-stick-meta":"","astra-migrate-meta-layouts":"default","ast-page-background-enabled":"default","ast-page-background-meta":{"desktop":{"background-color":"var(--ast-global-color-5)","background-image":"","background-repeat":"repeat","background-position":"center center","background-size":"auto","background-attachment":"scroll","background-type":"","background-media":"","overlay-type":"","overlay-color":"","overlay-opacity":"","overlay-gradient":""},"tablet":{"background-color":"","background-image":"","background-repeat":"repeat","background-position":"center center","background-size":"auto","background-attachment":"scroll","background-type":"","background-media":"","overlay-type":"","overlay-color":"","overlay-opacity":"","overlay-gradient":""},"mobile":{"background-color":"","background-image":"","background-repeat":"repeat","background-position":"center center","background-size":"auto","background-attachment":"scroll","background-type":"","background-media":"","overlay-type":"","overlay-color":"","overlay-opacity":"","overlay-gradient":""}},"ast-content-background-meta":{"desktop":{"background-color":"var(--ast-global-color-4)","background-image":"","background-repeat":"repeat","background-position":"center center","background-size":"auto","background-attachment":"scroll","background-type":"","background-media":"","overlay-type":"","overlay-color":"","overlay-opacity":"","overlay-gradient":""},"tablet":{"background-color":"var(--ast-global-color-4)","background-image":"","background-repeat":"repeat","background-position":"center center","background-size":"auto","background-attachment":"scroll","background-type":"","background-media":"","overlay-type":"","overlay-color":"","overlay-opacity":"","overlay-gradient":""},"mobile":{"background-color":"var(--ast-global-color-4)","background-image":"","background-repeat":"repeat","background-position":"center center","background-size":"auto","background-attachment":"scroll","background-type":"","background-media":"","overlay-type":"","overlay-color":"","overlay-opacity":"","overlay-gradient":""}},"footnotes":""},"class_list":["post-4389","page","type-page","status-publish","hentry"],"uagb_featured_image_src":{"full":false,"thumbnail":false,"medium":false,"medium_large":false,"large":false,"1536x1536":false,"2048x2048":false},"uagb_author_info":{"display_name":"ygoemans","author_link":"https:\/\/enfance.forest.brussels\/kaleidoscope\/author\/ygoemans\/"},"uagb_comment_info":0,"uagb_excerpt":null,"_links":{"self":[{"href":"https:\/\/enfance.forest.brussels\/kaleidoscope\/wp-json\/wp\/v2\/pages\/4389","targetHints":{"allow":["GET"]}}],"collection":[{"href":"https:\/\/enfance.forest.brussels\/kaleidoscope\/wp-json\/wp\/v2\/pages"}],"about":[{"href":"https:\/\/enfance.forest.brussels\/kaleidoscope\/wp-json\/wp\/v2\/types\/page"}],"author":[{"embeddable":true,"href":"https:\/\/enfance.forest.brussels\/kaleidoscope\/wp-json\/wp\/v2\/users\/17"}],"replies":[{"embeddable":true,"href":"https:\/\/enfance.forest.brussels\/kaleidoscope\/wp-json\/wp\/v2\/comments?post=4389"}],"version-history":[{"count":31,"href":"https:\/\/enfance.forest.brussels\/kaleidoscope\/wp-json\/wp\/v2\/pages\/4389\/revisions"}],"predecessor-version":[{"id":5515,"href":"https:\/\/enfance.forest.brussels\/kaleidoscope\/wp-json\/wp\/v2\/pages\/4389\/revisions\/5515"}],"wp:attachment":[{"href":"https:\/\/enfance.forest.brussels\/kaleidoscope\/wp-json\/wp\/v2\/media?parent=4389"}],"curies":[{"name":"wp","href":"https:\/\/api.w.org\/{rel}","templated":true}]}}