{"id":4448,"date":"2022-09-25T19:08:19","date_gmt":"2022-09-25T17:08:19","guid":{"rendered":"http:\/\/enfance.forest.brussels\/kaleidoscopemat\/?page_id=4448"},"modified":"2026-03-13T09:35:14","modified_gmt":"2026-03-13T08:35:14","slug":"titulaires-de-classe","status":"publish","type":"page","link":"https:\/\/enfance.forest.brussels\/kaleidoscope\/titulaires-de-classe\/","title":{"rendered":"Titulaires de classe"},"content":{"rendered":"\n<div class=\"wp-block-uagb-container uagb-block-0fk9r1wy alignfull uagb-is-root-container\"><div class=\"uagb-container-inner-blocks-wrap\">\n<div class=\"wp-block-uagb-info-box uagb-block-zakbvzt0 uagb-infobox__content-wrap  uagb-infobox-icon-above-title uagb-infobox-image-valign-top\"><div class=\"uagb-ifb-content\"><div class=\"uagb-ifb-title-wrap\"><h2 class=\"uagb-ifb-title\">Equipe maternelle<\/h2><\/div><p class=\"uagb-ifb-desc\">Une \u00e9quipe bienveillante et passionn\u00e9e qui accompagne chaque enfant dans ses premi\u00e8res d\u00e9couvertes \u00e0 l&rsquo;\u00e9cole en respectant leur rythme et en cultivant le plaisir d&rsquo;apprendre.<\/p><\/div><\/div>\n\n\n\n<div class=\"wp-block-uagb-container uagb-block-kedz8mch\">\n<div class=\"wp-block-uagb-container uagb-block-xmtxpk4m\">\n<div class=\"wp-block-uagb-image uagb-block-130e6221 wp-block-uagb-image--layout-default wp-block-uagb-image--effect-static wp-block-uagb-image--align-none\"><figure class=\"wp-block-uagb-image__figure\"><img loading=\"lazy\" decoding=\"async\" src=\"https:\/\/enfance.forest.brussels\/kaleidoscope\/wp-content\/uploads\/sites\/5\/2026\/03\/MP26-8259-2.jpg\" alt=\"\" class=\"uag-image-5528\" width=\"800\" height=\"800\" title=\"MP26-8259\" loading=\"lazy\" role=\"img\" \/><\/figure><\/div>\n\n\n\n<div class=\"wp-block-uagb-container uagb-block-60gdjbkh\">\n<div class=\"wp-block-uagb-info-box uagb-block-qjvydqgr uagb-infobox__content-wrap  uagb-infobox-icon-above-title uagb-infobox-image-valign-top\"><div class=\"uagb-ifb-content\"><div class=\"uagb-ifb-title-wrap\"><p class=\"uagb-ifb-title\">Mme Mureil<\/p><\/div><p class=\"uagb-ifb-desc\">Classe d&rsquo;accueil<\/p><\/div><\/div>\n<\/div>\n<\/div>\n\n\n\n<div class=\"wp-block-uagb-container uagb-block-otzclvht\">\n<div class=\"wp-block-uagb-image uagb-block-64cc75bc wp-block-uagb-image--layout-default wp-block-uagb-image--effect-static wp-block-uagb-image--align-none\"><figure class=\"wp-block-uagb-image__figure\"><img loading=\"lazy\" decoding=\"async\" src=\"https:\/\/enfance.forest.brussels\/kaleidoscope\/wp-content\/uploads\/sites\/5\/2026\/03\/MP26-8379-1.jpg\" alt=\"\" class=\"uag-image-5529\" width=\"800\" height=\"800\" title=\"MP26-8379\" loading=\"lazy\" role=\"img\" \/><\/figure><\/div>\n\n\n\n<div class=\"wp-block-uagb-container uagb-block-j3p7k6ax\">\n<div class=\"wp-block-uagb-info-box uagb-block-2gdhfzmm uagb-infobox__content-wrap  uagb-infobox-icon-above-title uagb-infobox-image-valign-top\"><div class=\"uagb-ifb-content\"><div class=\"uagb-ifb-title-wrap\"><p class=\"uagb-ifb-title\">Mme Manon<\/p><\/div><p class=\"uagb-ifb-desc\">1\u00e8re maternelle<\/p><\/div><\/div>\n<\/div>\n<\/div>\n\n\n\n<div class=\"wp-block-uagb-container uagb-block-rm4iecy8\">\n<div class=\"wp-block-uagb-image uagb-block-83c4ed84 wp-block-uagb-image--layout-default wp-block-uagb-image--effect-static wp-block-uagb-image--align-none\"><figure class=\"wp-block-uagb-image__figure\"><img loading=\"lazy\" decoding=\"async\" src=\"https:\/\/enfance.forest.brussels\/kaleidoscope\/wp-content\/uploads\/sites\/5\/2026\/03\/MP26-8486-1.jpg\" alt=\"\" class=\"uag-image-5534\" width=\"800\" height=\"800\" title=\"MP26-8486\" loading=\"lazy\" role=\"img\" \/><\/figure><\/div>\n\n\n\n<div class=\"wp-block-uagb-container uagb-block-bihdznwv\">\n<div class=\"wp-block-uagb-info-box uagb-block-76v6gdik uagb-infobox__content-wrap  uagb-infobox-icon-above-title uagb-infobox-image-valign-top\"><div class=\"uagb-ifb-content\"><div class=\"uagb-ifb-title-wrap\"><p class=\"uagb-ifb-title\">Mme Kiesi<\/p><\/div><p class=\"uagb-ifb-desc\">1\u00e8re maternelle<\/p><\/div><\/div>\n<\/div>\n<\/div>\n<\/div>\n\n\n\n<div class=\"wp-block-uagb-container uagb-block-41fd0416\">\n<div class=\"wp-block-uagb-container uagb-block-448df10b\">\n<div class=\"wp-block-uagb-image uagb-block-2a5e1107 wp-block-uagb-image--layout-default wp-block-uagb-image--effect-static wp-block-uagb-image--align-none\"><figure class=\"wp-block-uagb-image__figure\"><img loading=\"lazy\" decoding=\"async\" src=\"https:\/\/enfance.forest.brussels\/kaleidoscope\/wp-content\/uploads\/sites\/5\/2026\/03\/MP26-8218-1.jpg\" alt=\"\" class=\"uag-image-5536\" width=\"800\" height=\"800\" title=\"MP26-8218\" loading=\"lazy\" role=\"img\" \/><\/figure><\/div>\n\n\n\n<div class=\"wp-block-uagb-container uagb-block-761645a5\">\n<div class=\"wp-block-uagb-info-box uagb-block-d5c27544 uagb-infobox__content-wrap  uagb-infobox-icon-above-title uagb-infobox-image-valign-top\"><div class=\"uagb-ifb-content\"><div class=\"uagb-ifb-title-wrap\"><p class=\"uagb-ifb-title\">Mme Ang\u00e8le<\/p><\/div><p class=\"uagb-ifb-desc\">2\u00e8me maternelle<\/p><\/div><\/div>\n<\/div>\n<\/div>\n\n\n\n<div class=\"wp-block-uagb-container uagb-block-d6b92073\">\n<div class=\"wp-block-uagb-image uagb-block-bf99dc00 wp-block-uagb-image--layout-default wp-block-uagb-image--effect-static wp-block-uagb-image--align-none\"><figure class=\"wp-block-uagb-image__figure\"><img loading=\"lazy\" decoding=\"async\" src=\"https:\/\/enfance.forest.brussels\/kaleidoscope\/wp-content\/uploads\/sites\/5\/2026\/03\/MP26-8430.jpg\" alt=\"\" class=\"uag-image-5537\" width=\"800\" height=\"800\" title=\"MP26-8430\" loading=\"lazy\" role=\"img\" \/><\/figure><\/div>\n\n\n\n<div class=\"wp-block-uagb-container uagb-block-c1254a95\">\n<div class=\"wp-block-uagb-info-box uagb-block-859e2c58 uagb-infobox__content-wrap  uagb-infobox-icon-above-title uagb-infobox-image-valign-top\"><div class=\"uagb-ifb-content\"><div class=\"uagb-ifb-title-wrap\"><p class=\"uagb-ifb-title\">Mme Anne-Sophie<\/p><\/div><p class=\"uagb-ifb-desc\">2\u00e8me maternelle<\/p><\/div><\/div>\n<\/div>\n<\/div>\n\n\n\n<div class=\"wp-block-uagb-container uagb-block-38bb5e1c\">\n<div class=\"wp-block-uagb-image uagb-block-b4635d08 wp-block-uagb-image--layout-default wp-block-uagb-image--effect-static wp-block-uagb-image--align-none\"><figure class=\"wp-block-uagb-image__figure\"><img loading=\"lazy\" decoding=\"async\" src=\"https:\/\/enfance.forest.brussels\/kaleidoscope\/wp-content\/uploads\/sites\/5\/2026\/03\/MP26-8462.jpg\" alt=\"\" class=\"uag-image-5538\" width=\"800\" height=\"800\" title=\"MP26-8462\" loading=\"lazy\" role=\"img\" \/><\/figure><\/div>\n\n\n\n<div class=\"wp-block-uagb-container uagb-block-434727a7\">\n<div class=\"wp-block-uagb-info-box uagb-block-15122f1d uagb-infobox__content-wrap  uagb-infobox-icon-above-title uagb-infobox-image-valign-top\"><div class=\"uagb-ifb-content\"><div class=\"uagb-ifb-title-wrap\"><p class=\"uagb-ifb-title\">Mme Sophie<\/p><\/div><p class=\"uagb-ifb-desc\">3\u00e8me maternelle<\/p><\/div><\/div>\n<\/div>\n<\/div>\n<\/div>\n\n\n\n<div class=\"wp-block-uagb-container uagb-block-f920988b\">\n<div class=\"wp-block-uagb-container uagb-block-509601f7\">\n<div class=\"wp-block-uagb-image uagb-block-2dcea5e1 wp-block-uagb-image--layout-default wp-block-uagb-image--effect-static wp-block-uagb-image--align-none\"><figure class=\"wp-block-uagb-image__figure\"><img loading=\"lazy\" decoding=\"async\" src=\"https:\/\/enfance.forest.brussels\/kaleidoscope\/wp-content\/uploads\/sites\/5\/2026\/03\/MP26-8523.jpg\" alt=\"\" class=\"uag-image-5539\" width=\"800\" height=\"800\" title=\"MP26-8523\" loading=\"lazy\" role=\"img\" \/><\/figure><\/div>\n\n\n\n<div class=\"wp-block-uagb-container uagb-block-d0a8d5dd\">\n<div class=\"wp-block-uagb-info-box uagb-block-6dc75661 uagb-infobox__content-wrap  uagb-infobox-icon-above-title uagb-infobox-image-valign-top\"><div class=\"uagb-ifb-content\"><div class=\"uagb-ifb-title-wrap\"><p class=\"uagb-ifb-title\">Mme Ornella<\/p><\/div><p class=\"uagb-ifb-desc\">3\u00e8me maternelle<\/p><\/div><\/div>\n<\/div>\n<\/div>\n<\/div>\n<\/div><\/div>\n\n\n\n<div class=\"wp-block-uagb-container uagb-block-8cb236b5 alignfull uagb-is-root-container\"><div class=\"uagb-container-inner-blocks-wrap\">\n<div class=\"wp-block-uagb-info-box uagb-block-54119e6d uagb-infobox__content-wrap  uagb-infobox-icon-above-title uagb-infobox-image-valign-top\"><div class=\"uagb-ifb-content\"><div class=\"uagb-ifb-title-wrap\"><h2 class=\"uagb-ifb-title\">Equipe primaire<\/h2><\/div><p class=\"uagb-ifb-desc\">Avec passion et engagement, nos enseignants du primaire guident les \u00e9l\u00e8ves dans leurs apprentissages et les encouragent \u00e0 donner le meilleur d&rsquo;eux-m\u00eames.<\/p><\/div><\/div>\n\n\n\n<div class=\"wp-block-uagb-container uagb-block-19885b3d\">\n<div class=\"wp-block-uagb-container uagb-block-413d1ba9\">\n<div class=\"wp-block-uagb-image uagb-block-85fccbb8 wp-block-uagb-image--layout-default wp-block-uagb-image--effect-static wp-block-uagb-image--align-none\"><figure class=\"wp-block-uagb-image__figure\"><img loading=\"lazy\" decoding=\"async\" src=\"https:\/\/enfance.forest.brussels\/kaleidoscope\/wp-content\/uploads\/sites\/5\/2026\/03\/VERO111-6517-2-Copie.jpg\" alt=\"\" class=\"uag-image-5547\" width=\"800\" height=\"800\" title=\"VERO111-6517-2 - Copie\" loading=\"lazy\" role=\"img\" \/><\/figure><\/div>\n\n\n\n<div class=\"wp-block-uagb-container uagb-block-983f3bd9\">\n<div class=\"wp-block-uagb-info-box uagb-block-0625a9a0 uagb-infobox__content-wrap  uagb-infobox-icon-above-title uagb-infobox-image-valign-top\"><div class=\"uagb-ifb-content\"><div class=\"uagb-ifb-title-wrap\"><p class=\"uagb-ifb-title\">Mme Yolande<\/p><\/div><p class=\"uagb-ifb-desc\">1\u00e8re primaire<\/p><\/div><\/div>\n<\/div>\n<\/div>\n\n\n\n<div class=\"wp-block-uagb-container uagb-block-c600b43f\">\n<div class=\"wp-block-uagb-image uagb-block-4f4bdfb7 wp-block-uagb-image--layout-default wp-block-uagb-image--effect-static wp-block-uagb-image--align-none\"><figure class=\"wp-block-uagb-image__figure\"><img loading=\"lazy\" decoding=\"async\" src=\"https:\/\/enfance.forest.brussels\/kaleidoscope\/wp-content\/uploads\/sites\/5\/2026\/03\/VERO111-6566-2-Copie.jpg\" alt=\"\" class=\"uag-image-5548\" width=\"800\" height=\"800\" title=\"VERO111-6566-2 - Copie\" loading=\"lazy\" role=\"img\" \/><\/figure><\/div>\n\n\n\n<div class=\"wp-block-uagb-container uagb-block-65046005\">\n<div class=\"wp-block-uagb-info-box uagb-block-1ecd35ae uagb-infobox__content-wrap  uagb-infobox-icon-above-title uagb-infobox-image-valign-top\"><div class=\"uagb-ifb-content\"><div class=\"uagb-ifb-title-wrap\"><p class=\"uagb-ifb-title\">M. Julien<\/p><\/div><p class=\"uagb-ifb-desc\">1\u00e8re primaire<\/p><\/div><\/div>\n<\/div>\n<\/div>\n\n\n\n<div class=\"wp-block-uagb-container uagb-block-2ddfd641\">\n<div class=\"wp-block-uagb-image uagb-block-f81eb035 wp-block-uagb-image--layout-default wp-block-uagb-image--effect-static wp-block-uagb-image--align-none\"><figure class=\"wp-block-uagb-image__figure\"><img loading=\"lazy\" decoding=\"async\" src=\"https:\/\/enfance.forest.brussels\/kaleidoscope\/wp-content\/uploads\/sites\/5\/2026\/03\/VERO111-6570-2-Copie.jpg\" alt=\"\" class=\"uag-image-5549\" width=\"800\" height=\"800\" title=\"VERO111-6570-2 - Copie\" loading=\"lazy\" role=\"img\" \/><\/figure><\/div>\n\n\n\n<div class=\"wp-block-uagb-container uagb-block-3dcc2674\">\n<div class=\"wp-block-uagb-info-box uagb-block-3e8a7348 uagb-infobox__content-wrap  uagb-infobox-icon-above-title uagb-infobox-image-valign-top\"><div class=\"uagb-ifb-content\"><div class=\"uagb-ifb-title-wrap\"><p class=\"uagb-ifb-title\">Mme Aline<\/p><\/div><p class=\"uagb-ifb-desc\">2\u00e8me primaire<\/p><\/div><\/div>\n<\/div>\n<\/div>\n<\/div>\n\n\n\n<div class=\"wp-block-uagb-container uagb-block-c6faafa1\">\n<div class=\"wp-block-uagb-container uagb-block-32dae195\">\n<div class=\"wp-block-uagb-image uagb-block-4a2b392b wp-block-uagb-image--layout-default wp-block-uagb-image--effect-static wp-block-uagb-image--align-none\"><figure class=\"wp-block-uagb-image__figure\"><img loading=\"lazy\" decoding=\"async\" src=\"https:\/\/enfance.forest.brussels\/kaleidoscope\/wp-content\/uploads\/sites\/5\/2026\/03\/VERO111-6569-2-Copie.jpg\" alt=\"\" class=\"uag-image-5550\" width=\"800\" height=\"800\" title=\"VERO111-6569-2 - Copie\" loading=\"lazy\" role=\"img\" \/><\/figure><\/div>\n\n\n\n<div class=\"wp-block-uagb-container uagb-block-1bc5de71\">\n<div class=\"wp-block-uagb-info-box uagb-block-376238e1 uagb-infobox__content-wrap  uagb-infobox-icon-above-title uagb-infobox-image-valign-top\"><div class=\"uagb-ifb-content\"><div class=\"uagb-ifb-title-wrap\"><p class=\"uagb-ifb-title\">Mme Alexandra<\/p><\/div><p class=\"uagb-ifb-desc\">2\u00e8me primaire<\/p><\/div><\/div>\n<\/div>\n<\/div>\n\n\n\n<div class=\"wp-block-uagb-container uagb-block-95cfcd4a\">\n<div class=\"wp-block-uagb-image uagb-block-7109be4e wp-block-uagb-image--layout-default wp-block-uagb-image--effect-static wp-block-uagb-image--align-none\"><figure class=\"wp-block-uagb-image__figure\"><img loading=\"lazy\" decoding=\"async\" src=\"https:\/\/enfance.forest.brussels\/kaleidoscope\/wp-content\/uploads\/sites\/5\/2026\/03\/VERO111-6623-2-Copie.jpg\" alt=\"\" class=\"uag-image-5551\" width=\"800\" height=\"800\" title=\"VERO111-6623-2 - Copie\" loading=\"lazy\" role=\"img\" \/><\/figure><\/div>\n\n\n\n<div class=\"wp-block-uagb-container uagb-block-efd1e305\">\n<div class=\"wp-block-uagb-info-box uagb-block-03095eb2 uagb-infobox__content-wrap  uagb-infobox-icon-above-title uagb-infobox-image-valign-top\"><div class=\"uagb-ifb-content\"><div class=\"uagb-ifb-title-wrap\"><p class=\"uagb-ifb-title\">Mme Morgane<\/p><\/div><p class=\"uagb-ifb-desc\">3\u00e8me primaire<\/p><\/div><\/div>\n<\/div>\n<\/div>\n\n\n\n<div class=\"wp-block-uagb-container uagb-block-96a574c5\">\n<div class=\"wp-block-uagb-image uagb-block-1f628607 wp-block-uagb-image--layout-default wp-block-uagb-image--effect-static wp-block-uagb-image--align-none\"><figure class=\"wp-block-uagb-image__figure\"><img loading=\"lazy\" decoding=\"async\" src=\"https:\/\/enfance.forest.brussels\/kaleidoscope\/wp-content\/uploads\/sites\/5\/2026\/03\/VERO111-6648-2-Copie.jpg\" alt=\"\" class=\"uag-image-5552\" width=\"800\" height=\"800\" title=\"VERO111-6648-2 - Copie\" loading=\"lazy\" role=\"img\" \/><\/figure><\/div>\n\n\n\n<div class=\"wp-block-uagb-container uagb-block-8bf5365a\">\n<div class=\"wp-block-uagb-info-box uagb-block-a4904528 uagb-infobox__content-wrap  uagb-infobox-icon-above-title uagb-infobox-image-valign-top\"><div class=\"uagb-ifb-content\"><div class=\"uagb-ifb-title-wrap\"><p class=\"uagb-ifb-title\">Mme Solenne<\/p><\/div><p class=\"uagb-ifb-desc\">3\u00e8me primaire<\/p><\/div><\/div>\n<\/div>\n<\/div>\n<\/div>\n\n\n\n<div class=\"wp-block-uagb-container uagb-block-94dc57a9\">\n<div class=\"wp-block-uagb-container uagb-block-a3dc9e4d\">\n<div class=\"wp-block-uagb-image uagb-block-8f54633d wp-block-uagb-image--layout-default wp-block-uagb-image--effect-static wp-block-uagb-image--align-none\"><figure class=\"wp-block-uagb-image__figure\"><img loading=\"lazy\" decoding=\"async\" src=\"https:\/\/enfance.forest.brussels\/kaleidoscope\/wp-content\/uploads\/sites\/5\/2026\/03\/VERO111-6568-2-Copie.jpg\" alt=\"\" class=\"uag-image-5553\" width=\"800\" height=\"800\" title=\"VERO111-6568-2 - Copie\" loading=\"lazy\" role=\"img\" \/><\/figure><\/div>\n\n\n\n<div class=\"wp-block-uagb-container uagb-block-9c45fac8\">\n<div class=\"wp-block-uagb-info-box uagb-block-0b4232f3 uagb-infobox__content-wrap  uagb-infobox-icon-above-title uagb-infobox-image-valign-top\"><div class=\"uagb-ifb-content\"><div class=\"uagb-ifb-title-wrap\"><p class=\"uagb-ifb-title\">Mme Chaima<\/p><\/div><p class=\"uagb-ifb-desc\">4\u00e8me primaire<\/p><\/div><\/div>\n<\/div>\n<\/div>\n\n\n\n<div class=\"wp-block-uagb-container uagb-block-eb0ed465\">\n<div class=\"wp-block-uagb-image uagb-block-f1873b0c wp-block-uagb-image--layout-default wp-block-uagb-image--effect-static wp-block-uagb-image--align-none\"><figure class=\"wp-block-uagb-image__figure\"><img loading=\"lazy\" decoding=\"async\" src=\"https:\/\/enfance.forest.brussels\/kaleidoscope\/wp-content\/uploads\/sites\/5\/2026\/03\/VERO111-6704-2.jpg\" alt=\"\" class=\"uag-image-5554\" width=\"800\" height=\"800\" title=\"VERO111-6704-2\" loading=\"lazy\" role=\"img\" \/><\/figure><\/div>\n\n\n\n<div class=\"wp-block-uagb-container uagb-block-9303b51b\">\n<div class=\"wp-block-uagb-info-box uagb-block-1ccade1c uagb-infobox__content-wrap  uagb-infobox-icon-above-title uagb-infobox-image-valign-top\"><div class=\"uagb-ifb-content\"><div class=\"uagb-ifb-title-wrap\"><p class=\"uagb-ifb-title\">M. Staes<\/p><\/div><p class=\"uagb-ifb-desc\">4\u00e8me primaire<\/p><\/div><\/div>\n<\/div>\n<\/div>\n\n\n\n<div class=\"wp-block-uagb-container uagb-block-1f33293f\">\n<div class=\"wp-block-uagb-image uagb-block-6b720a38 wp-block-uagb-image--layout-default wp-block-uagb-image--effect-static wp-block-uagb-image--align-none\"><figure class=\"wp-block-uagb-image__figure\"><img loading=\"lazy\" decoding=\"async\" src=\"https:\/\/enfance.forest.brussels\/kaleidoscope\/wp-content\/uploads\/sites\/5\/2026\/03\/VERO111-6800-2.jpg\" alt=\"\" class=\"uag-image-5555\" width=\"800\" height=\"800\" title=\"VERO111-6800-2\" loading=\"lazy\" role=\"img\" \/><\/figure><\/div>\n\n\n\n<div class=\"wp-block-uagb-container uagb-block-257a45f8\">\n<div class=\"wp-block-uagb-info-box uagb-block-cddfb6f8 uagb-infobox__content-wrap  uagb-infobox-icon-above-title uagb-infobox-image-valign-top\"><div class=\"uagb-ifb-content\"><div class=\"uagb-ifb-title-wrap\"><p class=\"uagb-ifb-title\">Mme Rucquoi<\/p><\/div><p class=\"uagb-ifb-desc\">5\u00e8me primaire<\/p><\/div><\/div>\n<\/div>\n<\/div>\n<\/div>\n\n\n\n<div class=\"wp-block-uagb-container uagb-block-d61ead7d\">\n<div class=\"wp-block-uagb-container uagb-block-d875e96c\">\n<div class=\"wp-block-uagb-image uagb-block-7aa1a746 wp-block-uagb-image--layout-default wp-block-uagb-image--effect-static wp-block-uagb-image--align-none\"><figure class=\"wp-block-uagb-image__figure\"><img loading=\"lazy\" decoding=\"async\" src=\"https:\/\/enfance.forest.brussels\/kaleidoscope\/wp-content\/uploads\/sites\/5\/2026\/03\/VERO111-6773-2.jpg\" alt=\"\" class=\"uag-image-5556\" width=\"800\" height=\"800\" title=\"VERO111-6773-2\" loading=\"lazy\" role=\"img\" \/><\/figure><\/div>\n\n\n\n<div class=\"wp-block-uagb-container uagb-block-5cfcbe32\">\n<div class=\"wp-block-uagb-info-box uagb-block-ac951720 uagb-infobox__content-wrap  uagb-infobox-icon-above-title uagb-infobox-image-valign-top\"><div class=\"uagb-ifb-content\"><div class=\"uagb-ifb-title-wrap\"><p class=\"uagb-ifb-title\">Mme Patigny<\/p><\/div><p class=\"uagb-ifb-desc\">5\u00e8me primaire<\/p><\/div><\/div>\n<\/div>\n<\/div>\n\n\n\n<div class=\"wp-block-uagb-container uagb-block-d66c09af\">\n<div class=\"wp-block-uagb-image uagb-block-be8322be wp-block-uagb-image--layout-default wp-block-uagb-image--effect-static wp-block-uagb-image--align-none\"><figure class=\"wp-block-uagb-image__figure\"><img loading=\"lazy\" decoding=\"async\" src=\"https:\/\/enfance.forest.brussels\/kaleidoscope\/wp-content\/uploads\/sites\/5\/2026\/03\/VERO111-6542-2-Copie.jpg\" alt=\"\" class=\"uag-image-5557\" width=\"800\" height=\"800\" title=\"VERO111-6542-2 - Copie\" loading=\"lazy\" role=\"img\" \/><\/figure><\/div>\n\n\n\n<div class=\"wp-block-uagb-container uagb-block-ac49c42c\">\n<div class=\"wp-block-uagb-info-box uagb-block-3ca3443b uagb-infobox__content-wrap  uagb-infobox-icon-above-title uagb-infobox-image-valign-top\"><div class=\"uagb-ifb-content\"><div class=\"uagb-ifb-title-wrap\"><p class=\"uagb-ifb-title\">Mme Sarah<\/p><\/div><p class=\"uagb-ifb-desc\">6\u00e8me primaire<\/p><\/div><\/div>\n<\/div>\n<\/div>\n\n\n\n<div class=\"wp-block-uagb-container uagb-block-38d4fe51\">\n<div class=\"wp-block-uagb-image uagb-block-896e88f0 wp-block-uagb-image--layout-default wp-block-uagb-image--effect-static wp-block-uagb-image--align-none\"><figure class=\"wp-block-uagb-image__figure\"><img loading=\"lazy\" decoding=\"async\" src=\"https:\/\/enfance.forest.brussels\/kaleidoscope\/wp-content\/uploads\/sites\/5\/2026\/03\/VERO111-6745-2.jpg\" alt=\"\" class=\"uag-image-5558\" width=\"800\" height=\"800\" title=\"VERO111-6745-2\" loading=\"lazy\" role=\"img\" \/><\/figure><\/div>\n\n\n\n<div class=\"wp-block-uagb-container uagb-block-49f9a90a\">\n<div class=\"wp-block-uagb-info-box uagb-block-f92a25b8 uagb-infobox__content-wrap  uagb-infobox-icon-above-title uagb-infobox-image-valign-top\"><div class=\"uagb-ifb-content\"><div class=\"uagb-ifb-title-wrap\"><p class=\"uagb-ifb-title\">M. Bertrand<\/p><\/div><p class=\"uagb-ifb-desc\">6\u00e8me primaire<\/p><\/div><\/div>\n<\/div>\n<\/div>\n<\/div>\n<\/div><\/div>\n\n\n\n<p class=\"wp-block-paragraph\"><\/p>\n","protected":false},"excerpt":{"rendered":"","protected":false},"author":17,"featured_media":0,"parent":0,"menu_order":0,"comment_status":"closed","ping_status":"closed","template":"","meta":{"_crdt_document":"","_uag_custom_page_level_css":"","site-sidebar-layout":"default","site-content-layout":"","ast-site-content-layout":"default","site-content-style":"default","site-sidebar-style":"default","ast-global-header-display":"","ast-banner-title-visibility":"","ast-main-header-display":"","ast-hfb-above-header-display":"","ast-hfb-below-header-display":"","ast-hfb-mobile-header-display":"","site-post-title":"","ast-breadcrumbs-content":"","ast-featured-img":"","footer-sml-layout":"","ast-disable-related-posts":"","theme-transparent-header-meta":"","adv-header-id-meta":"","stick-header-meta":"","header-above-stick-meta":"","header-main-stick-meta":"","header-below-stick-meta":"","astra-migrate-meta-layouts":"default","ast-page-background-enabled":"default","ast-page-background-meta":{"desktop":{"background-color":"var(--ast-global-color-5)","background-image":"","background-repeat":"repeat","background-position":"center center","background-size":"auto","background-attachment":"scroll","background-type":"","background-media":"","overlay-type":"","overlay-color":"","overlay-opacity":"","overlay-gradient":""},"tablet":{"background-color":"","background-image":"","background-repeat":"repeat","background-position":"center center","background-size":"auto","background-attachment":"scroll","background-type":"","background-media":"","overlay-type":"","overlay-color":"","overlay-opacity":"","overlay-gradient":""},"mobile":{"background-color":"","background-image":"","background-repeat":"repeat","background-position":"center center","background-size":"auto","background-attachment":"scroll","background-type":"","background-media":"","overlay-type":"","overlay-color":"","overlay-opacity":"","overlay-gradient":""}},"ast-content-background-meta":{"desktop":{"background-color":"var(--ast-global-color-4)","background-image":"","background-repeat":"repeat","background-position":"center center","background-size":"auto","background-attachment":"scroll","background-type":"","background-media":"","overlay-type":"","overlay-color":"","overlay-opacity":"","overlay-gradient":""},"tablet":{"background-color":"var(--ast-global-color-4)","background-image":"","background-repeat":"repeat","background-position":"center center","background-size":"auto","background-attachment":"scroll","background-type":"","background-media":"","overlay-type":"","overlay-color":"","overlay-opacity":"","overlay-gradient":""},"mobile":{"background-color":"var(--ast-global-color-4)","background-image":"","background-repeat":"repeat","background-position":"center center","background-size":"auto","background-attachment":"scroll","background-type":"","background-media":"","overlay-type":"","overlay-color":"","overlay-opacity":"","overlay-gradient":""}},"footnotes":""},"class_list":["post-4448","page","type-page","status-publish","hentry"],"uagb_featured_image_src":{"full":false,"thumbnail":false,"medium":false,"medium_large":false,"large":false,"1536x1536":false,"2048x2048":false},"uagb_author_info":{"display_name":"ygoemans","author_link":"https:\/\/enfance.forest.brussels\/kaleidoscope\/author\/ygoemans\/"},"uagb_comment_info":0,"uagb_excerpt":null,"_links":{"self":[{"href":"https:\/\/enfance.forest.brussels\/kaleidoscope\/wp-json\/wp\/v2\/pages\/4448","targetHints":{"allow":["GET"]}}],"collection":[{"href":"https:\/\/enfance.forest.brussels\/kaleidoscope\/wp-json\/wp\/v2\/pages"}],"about":[{"href":"https:\/\/enfance.forest.brussels\/kaleidoscope\/wp-json\/wp\/v2\/types\/page"}],"author":[{"embeddable":true,"href":"https:\/\/enfance.forest.brussels\/kaleidoscope\/wp-json\/wp\/v2\/users\/17"}],"replies":[{"embeddable":true,"href":"https:\/\/enfance.forest.brussels\/kaleidoscope\/wp-json\/wp\/v2\/comments?post=4448"}],"version-history":[{"count":20,"href":"https:\/\/enfance.forest.brussels\/kaleidoscope\/wp-json\/wp\/v2\/pages\/4448\/revisions"}],"predecessor-version":[{"id":5559,"href":"https:\/\/enfance.forest.brussels\/kaleidoscope\/wp-json\/wp\/v2\/pages\/4448\/revisions\/5559"}],"wp:attachment":[{"href":"https:\/\/enfance.forest.brussels\/kaleidoscope\/wp-json\/wp\/v2\/media?parent=4448"}],"curies":[{"name":"wp","href":"https:\/\/api.w.org\/{rel}","templated":true}]}}