{"id":4750,"date":"2024-01-31T13:10:18","date_gmt":"2024-01-31T12:10:18","guid":{"rendered":"https:\/\/enfance.forest.brussels\/kaleidoscopemat\/?page_id=4750"},"modified":"2024-09-12T08:57:25","modified_gmt":"2024-09-12T06:57:25","slug":"documents-officiels-a-telecharger","status":"publish","type":"page","link":"https:\/\/enfance.forest.brussels\/kaleidoscope\/documents-officiels-a-telecharger\/","title":{"rendered":"Documents officiels \u00e0 t\u00e9l\u00e9charger"},"content":{"rendered":"\n<div class=\"wp-block-columns is-layout-flex wp-container-core-columns-is-layout-7387b849 wp-block-columns-is-layout-flex\">\n<div class=\"wp-block-column is-layout-flow wp-block-column-is-layout-flow\" style=\"flex-basis:100%\">\n<div class=\"wp-block-columns is-layout-flex wp-container-core-columns-is-layout-7387b849 wp-block-columns-is-layout-flex\">\n<div class=\"wp-block-column is-layout-flow wp-block-column-is-layout-flow\">\n<figure class=\"wp-block-image size-full\"><img decoding=\"async\" src=\"https:\/\/enfance.forest.brussels\/kaleidoscopemat\/wp-content\/uploads\/sites\/5\/2024\/02\/ill-frepik-picto-doc-remplir-3.png\" alt=\"\" class=\"wp-image-4925\" \/><\/figure>\n<\/div>\n\n\n\n<div class=\"wp-block-column is-layout-flow wp-block-column-is-layout-flow\">\n<figure class=\"wp-block-image size-full\"><img decoding=\"async\" src=\"https:\/\/enfance.forest.brussels\/kaleidoscopemat\/wp-content\/uploads\/sites\/5\/2024\/02\/ill-freepik-fleche.png\" alt=\"\" class=\"wp-image-4923\" \/><\/figure>\n<\/div>\n\n\n\n<div class=\"wp-block-column is-layout-flow wp-block-column-is-layout-flow\">\n<figure class=\"wp-block-image aligncenter size-full\"><img decoding=\"async\" src=\"https:\/\/enfance.forest.brussels\/kaleidoscopemat\/wp-content\/uploads\/sites\/5\/2024\/02\/ill-frepik-picto-doc-envoyer-1.png\" alt=\"\" class=\"wp-image-4922\" \/><\/figure>\n<\/div>\n<\/div>\n\n\n\n<div class=\"wp-block-columns is-layout-flex wp-container-core-columns-is-layout-7387b849 wp-block-columns-is-layout-flex\">\n<div class=\"wp-block-column is-layout-flow wp-block-column-is-layout-flow\">\n<p class=\"has-vivid-cyan-blue-color has-text-color has-link-color has-medium-font-size wp-elements-0bc90883f30ca097ba5cd81a364b1c6d wp-block-paragraph\"><strong>\u00e0 imprimer et \u00e0 compl\u00e9ter<\/strong><\/p>\n<\/div>\n\n\n\n<div class=\"wp-block-column is-layout-flow wp-block-column-is-layout-flow\"><\/div>\n\n\n\n<div class=\"wp-block-column is-layout-flow wp-block-column-is-layout-flow\">\n<p class=\"has-text-align-center has-vivid-cyan-blue-color has-text-color has-link-color has-medium-font-size wp-elements-e85f983d0d76af7d0f0d9bc423646b98 wp-block-paragraph\"><strong>\u00e0 rendre <\/strong><\/p>\n\n\n\n<p class=\"wp-block-paragraph\"><\/p>\n<\/div>\n<\/div>\n<\/div>\n<\/div>\n\n\n\n<p class=\"has-black-color has-text-color has-link-color has-medium-font-size wp-elements-b9fb56a11d871f0c150ecbfbb5a13650 wp-block-paragraph\">Ci-dessous, vous trouverez la copie des documents que vous pouvez t\u00e9l\u00e9charger pour les compl\u00e9ter et les rendre \u00e0 l&rsquo;\u00e9cole.<\/p>\n\n\n\n<p class=\"has-black-color has-text-color has-link-color has-medium-font-size wp-elements-c333ff50b886f0249acf42771ba9a857 wp-block-paragraph\">Les justificatifs d&rsquo;absence sont \u00e0 compl\u00e9ter d\u00e8s le 1e jour d&rsquo;absence de votre enfant. Suivant la raison, une attestation ou un certificat m\u00e9dical (d\u00e8s le 4e jour) devra y \u00eatre joint. Vous pouvez nous transmettre ceux-ci : <\/p>\n\n\n\n<ul class=\"wp-block-list\">\n<li><strong>par mail au secr\u00e9tariat ad\u00e9quat<\/strong><\/li>\n<\/ul>\n\n\n\n<ul class=\"wp-block-list\">\n<li><strong>dans la bo\u00eete aux lettres grise pr\u00e8s de la grille du primaire ou dans le hall d&rsquo;entr\u00e9e c\u00f4t\u00e9 maternelle.<\/strong><\/li>\n<\/ul>\n\n\n\n<p class=\"has-black-color has-text-color has-link-color has-medium-font-size wp-elements-e1dcbf3ace74cd74260bb57a2230a767 wp-block-paragraph\">Les avis avec talon r\u00e9ponse, sauf s&rsquo;il s&rsquo;agit d&rsquo;un document Forms [avec le compte Microsoft 365 de votre enfant] directement compl\u00e9t\u00e9 en ligne, seront imprim\u00e9s, remplis et sign\u00e9s avant d&rsquo;\u00eatre rendus \u00e0 l&rsquo;\u00e9cole par l&rsquo;interm\u00e9diaire du titulaire.<\/p>\n\n\n\n<hr class=\"wp-block-separator has-text-color has-vivid-green-cyan-color has-css-opacity has-vivid-green-cyan-background-color has-background is-style-wide\" \/>\n\n\n\n<p class=\"wp-block-paragraph\"><\/p>\n\n\n\n\n\n<div data-wp-interactive=\"core\/file\" class=\"wp-block-file\"><object data-wp-bind--hidden=\"!state.hasPdfPreview\" hidden class=\"wp-block-file__embed\" data=\"https:\/\/enfance.forest.brussels\/kaleidoscope\/wp-content\/uploads\/sites\/5\/2024\/08\/justificatif-dabsence-maternelle-1.pdf\" type=\"application\/pdf\" style=\"width:100%;height:600px\" aria-label=\"Contenu embarqu\u00e9 justificatif-dabsence-maternelle-1.\"><\/object><a id=\"wp-block-file--media-35d87b54-ef33-4077-aadb-080751f338f4\" href=\"https:\/\/enfance.forest.brussels\/kaleidoscope\/wp-content\/uploads\/sites\/5\/2024\/08\/justificatif-dabsence-maternelle-1.pdf\">justificatif-dabsence-maternelle-1<\/a><a href=\"https:\/\/enfance.forest.brussels\/kaleidoscope\/wp-content\/uploads\/sites\/5\/2024\/08\/justificatif-dabsence-maternelle-1.pdf\" class=\"wp-block-file__button wp-element-button\" download aria-describedby=\"wp-block-file--media-35d87b54-ef33-4077-aadb-080751f338f4\">T\u00e9l\u00e9charger<\/a><\/div>\n","protected":false},"excerpt":{"rendered":"<p>\u00e0 imprimer et \u00e0 compl\u00e9ter \u00e0 rendre Ci-dessous, vous trouverez la copie des documents que vous pouvez t\u00e9l\u00e9charger pour les [&hellip;]<\/p>\n","protected":false},"author":17,"featured_media":0,"parent":0,"menu_order":0,"comment_status":"closed","ping_status":"closed","template":"","meta":{"_crdt_document":"","_uag_custom_page_level_css":"","site-sidebar-layout":"default","site-content-layout":"","ast-site-content-layout":"default","site-content-style":"default","site-sidebar-style":"default","ast-global-header-display":"","ast-banner-title-visibility":"","ast-main-header-display":"","ast-hfb-above-header-display":"","ast-hfb-below-header-display":"","ast-hfb-mobile-header-display":"","site-post-title":"","ast-breadcrumbs-content":"","ast-featured-img":"","footer-sml-layout":"","ast-disable-related-posts":"","theme-transparent-header-meta":"","adv-header-id-meta":"","stick-header-meta":"","header-above-stick-meta":"","header-main-stick-meta":"","header-below-stick-meta":"","astra-migrate-meta-layouts":"default","ast-page-background-enabled":"default","ast-page-background-meta":{"desktop":{"background-color":"var(--ast-global-color-5)","background-image":"","background-repeat":"repeat","background-position":"center center","background-size":"auto","background-attachment":"scroll","background-type":"","background-media":"","overlay-type":"","overlay-color":"","overlay-opacity":"","overlay-gradient":""},"tablet":{"background-color":"","background-image":"","background-repeat":"repeat","background-position":"center center","background-size":"auto","background-attachment":"scroll","background-type":"","background-media":"","overlay-type":"","overlay-color":"","overlay-opacity":"","overlay-gradient":""},"mobile":{"background-color":"","background-image":"","background-repeat":"repeat","background-position":"center center","background-size":"auto","background-attachment":"scroll","background-type":"","background-media":"","overlay-type":"","overlay-color":"","overlay-opacity":"","overlay-gradient":""}},"ast-content-background-meta":{"desktop":{"background-color":"var(--ast-global-color-4)","background-image":"","background-repeat":"repeat","background-position":"center center","background-size":"auto","background-attachment":"scroll","background-type":"","background-media":"","overlay-type":"","overlay-color":"","overlay-opacity":"","overlay-gradient":""},"tablet":{"background-color":"var(--ast-global-color-4)","background-image":"","background-repeat":"repeat","background-position":"center center","background-size":"auto","background-attachment":"scroll","background-type":"","background-media":"","overlay-type":"","overlay-color":"","overlay-opacity":"","overlay-gradient":""},"mobile":{"background-color":"var(--ast-global-color-4)","background-image":"","background-repeat":"repeat","background-position":"center center","background-size":"auto","background-attachment":"scroll","background-type":"","background-media":"","overlay-type":"","overlay-color":"","overlay-opacity":"","overlay-gradient":""}},"footnotes":""},"class_list":["post-4750","page","type-page","status-publish","hentry"],"uagb_featured_image_src":{"full":false,"thumbnail":false,"medium":false,"medium_large":false,"large":false,"1536x1536":false,"2048x2048":false},"uagb_author_info":{"display_name":"ygoemans","author_link":"https:\/\/enfance.forest.brussels\/kaleidoscope\/author\/ygoemans\/"},"uagb_comment_info":0,"uagb_excerpt":"\u00e0 imprimer et \u00e0 compl\u00e9ter \u00e0 rendre Ci-dessous, vous trouverez la copie des documents que vous pouvez t\u00e9l\u00e9charger pour les [&hellip;]","_links":{"self":[{"href":"https:\/\/enfance.forest.brussels\/kaleidoscope\/wp-json\/wp\/v2\/pages\/4750","targetHints":{"allow":["GET"]}}],"collection":[{"href":"https:\/\/enfance.forest.brussels\/kaleidoscope\/wp-json\/wp\/v2\/pages"}],"about":[{"href":"https:\/\/enfance.forest.brussels\/kaleidoscope\/wp-json\/wp\/v2\/types\/page"}],"author":[{"embeddable":true,"href":"https:\/\/enfance.forest.brussels\/kaleidoscope\/wp-json\/wp\/v2\/users\/17"}],"replies":[{"embeddable":true,"href":"https:\/\/enfance.forest.brussels\/kaleidoscope\/wp-json\/wp\/v2\/comments?post=4750"}],"version-history":[{"count":17,"href":"https:\/\/enfance.forest.brussels\/kaleidoscope\/wp-json\/wp\/v2\/pages\/4750\/revisions"}],"predecessor-version":[{"id":5378,"href":"https:\/\/enfance.forest.brussels\/kaleidoscope\/wp-json\/wp\/v2\/pages\/4750\/revisions\/5378"}],"wp:attachment":[{"href":"https:\/\/enfance.forest.brussels\/kaleidoscope\/wp-json\/wp\/v2\/media?parent=4750"}],"curies":[{"name":"wp","href":"https:\/\/api.w.org\/{rel}","templated":true}]}}